{"id":9960,"date":"2022-09-13T12:24:22","date_gmt":"2022-09-13T10:24:22","guid":{"rendered":"https:\/\/neu.phono-schop.ch\/index.php\/produkt\/rueuedig-gueti-laendlermusig\/"},"modified":"2022-09-13T12:24:23","modified_gmt":"2022-09-13T10:24:23","slug":"rueuedig-gueti-laendlermusig","status":"publish","type":"product","link":"https:\/\/phono-schop.ch\/fr\/produkt\/rueuedig-gueti-laendlermusig\/","title":{"rendered":"R\u00fc\u00fcdig gueti L\u00e4ndlermusig"},"content":{"rendered":"","protected":false},"excerpt":{"rendered":"","protected":false},"featured_media":9961,"template":"","meta":[],"product_brand":[],"product_cat":[729],"product_tag":[],"class_list":{"0":"post-9960","1":"product","2":"type-product","3":"status-publish","4":"has-post-thumbnail","6":"product_cat-gemischte-produktionen-instrumental-a-z","7":"product_shipping_class-cds","9":"first","10":"instock","11":"taxable","12":"shipping-taxable","13":"purchasable","14":"product-type-simple"},"_links":{"self":[{"href":"https:\/\/phono-schop.ch\/fr\/wp-json\/wp\/v2\/product\/9960","targetHints":{"allow":["GET"]}}],"collection":[{"href":"https:\/\/phono-schop.ch\/fr\/wp-json\/wp\/v2\/product"}],"about":[{"href":"https:\/\/phono-schop.ch\/fr\/wp-json\/wp\/v2\/types\/product"}],"wp:featuredmedia":[{"embeddable":true,"href":"https:\/\/phono-schop.ch\/fr\/wp-json\/wp\/v2\/media\/9961"}],"wp:attachment":[{"href":"https:\/\/phono-schop.ch\/fr\/wp-json\/wp\/v2\/media?parent=9960"}],"wp:term":[{"taxonomy":"product_brand","embeddable":true,"href":"https:\/\/phono-schop.ch\/fr\/wp-json\/wp\/v2\/product_brand?post=9960"},{"taxonomy":"product_cat","embeddable":true,"href":"https:\/\/phono-schop.ch\/fr\/wp-json\/wp\/v2\/product_cat?post=9960"},{"taxonomy":"product_tag","embeddable":true,"href":"https:\/\/phono-schop.ch\/fr\/wp-json\/wp\/v2\/product_tag?post=9960"}],"curies":[{"name":"wp","href":"https:\/\/api.w.org\/{rel}","templated":true}]}}