{"id":7308,"date":"2022-09-13T12:12:10","date_gmt":"2022-09-13T10:12:10","guid":{"rendered":"https:\/\/neu.phono-schop.ch\/index.php\/produkt\/andre-von-moos-seelaespiaegel\/"},"modified":"2022-09-13T12:12:10","modified_gmt":"2022-09-13T10:12:10","slug":"andre-von-moos-seelaespiaegel","status":"publish","type":"product","link":"https:\/\/phono-schop.ch\/fr\/produkt\/andre-von-moos-seelaespiaegel\/","title":{"rendered":"Andr\u00e9 von Moos SEEL\u00c4SPI\u00c4GEL"},"content":{"rendered":"","protected":false},"excerpt":{"rendered":"","protected":false},"featured_media":7309,"template":"","meta":[],"product_brand":[],"product_cat":[507,501,732],"product_tag":[],"class_list":{"0":"post-7308","1":"product","2":"type-product","3":"status-publish","4":"has-post-thumbnail","6":"product_cat-jodel-a","7":"product_cat-jodel-v-w-x-y-z","8":"product_cat-gemischte-produktionen-jodellieder-a-z","9":"product_shipping_class-cds","11":"first","12":"instock","13":"taxable","14":"shipping-taxable","15":"purchasable","16":"product-type-simple"},"_links":{"self":[{"href":"https:\/\/phono-schop.ch\/fr\/wp-json\/wp\/v2\/product\/7308","targetHints":{"allow":["GET"]}}],"collection":[{"href":"https:\/\/phono-schop.ch\/fr\/wp-json\/wp\/v2\/product"}],"about":[{"href":"https:\/\/phono-schop.ch\/fr\/wp-json\/wp\/v2\/types\/product"}],"wp:featuredmedia":[{"embeddable":true,"href":"https:\/\/phono-schop.ch\/fr\/wp-json\/wp\/v2\/media\/7309"}],"wp:attachment":[{"href":"https:\/\/phono-schop.ch\/fr\/wp-json\/wp\/v2\/media?parent=7308"}],"wp:term":[{"taxonomy":"product_brand","embeddable":true,"href":"https:\/\/phono-schop.ch\/fr\/wp-json\/wp\/v2\/product_brand?post=7308"},{"taxonomy":"product_cat","embeddable":true,"href":"https:\/\/phono-schop.ch\/fr\/wp-json\/wp\/v2\/product_cat?post=7308"},{"taxonomy":"product_tag","embeddable":true,"href":"https:\/\/phono-schop.ch\/fr\/wp-json\/wp\/v2\/product_tag?post=7308"}],"curies":[{"name":"wp","href":"https:\/\/api.w.org\/{rel}","templated":true}]}}