{"id":5812,"date":"2022-09-13T12:05:23","date_gmt":"2022-09-13T10:05:23","guid":{"rendered":"https:\/\/neu.phono-schop.ch\/index.php\/produkt\/was-diaer-meys-haerz-nid-saegae-cha-alperose-edition\/"},"modified":"2022-09-13T12:05:23","modified_gmt":"2022-09-13T10:05:23","slug":"was-diaer-meys-haerz-nid-saegae-cha-alperose-edition","status":"publish","type":"product","link":"https:\/\/phono-schop.ch\/fr\/produkt\/was-diaer-meys-haerz-nid-saegae-cha-alperose-edition\/","title":{"rendered":"Was di\u00e4r meys H\u00e4rz nid s\u00e4g\u00e4 cha (Alperose-Edition)"},"content":{"rendered":"","protected":false},"excerpt":{"rendered":"","protected":false},"featured_media":5813,"template":"","meta":[],"product_brand":[],"product_cat":[360,909],"product_tag":[],"class_list":{"0":"post-5812","1":"product","2":"type-product","3":"status-publish","4":"has-post-thumbnail","6":"product_cat-schwyzeroergeli-s-t-u","7":"product_cat-schlager-hits-alpenland-schweizer-interpreten","8":"product_shipping_class-cds","10":"first","11":"instock","12":"taxable","13":"shipping-taxable","14":"purchasable","15":"product-type-simple"},"_links":{"self":[{"href":"https:\/\/phono-schop.ch\/fr\/wp-json\/wp\/v2\/product\/5812","targetHints":{"allow":["GET"]}}],"collection":[{"href":"https:\/\/phono-schop.ch\/fr\/wp-json\/wp\/v2\/product"}],"about":[{"href":"https:\/\/phono-schop.ch\/fr\/wp-json\/wp\/v2\/types\/product"}],"wp:featuredmedia":[{"embeddable":true,"href":"https:\/\/phono-schop.ch\/fr\/wp-json\/wp\/v2\/media\/5813"}],"wp:attachment":[{"href":"https:\/\/phono-schop.ch\/fr\/wp-json\/wp\/v2\/media?parent=5812"}],"wp:term":[{"taxonomy":"product_brand","embeddable":true,"href":"https:\/\/phono-schop.ch\/fr\/wp-json\/wp\/v2\/product_brand?post=5812"},{"taxonomy":"product_cat","embeddable":true,"href":"https:\/\/phono-schop.ch\/fr\/wp-json\/wp\/v2\/product_cat?post=5812"},{"taxonomy":"product_tag","embeddable":true,"href":"https:\/\/phono-schop.ch\/fr\/wp-json\/wp\/v2\/product_tag?post=5812"}],"curies":[{"name":"wp","href":"https:\/\/api.w.org\/{rel}","templated":true}]}}