{"id":5240,"date":"2022-09-13T12:02:50","date_gmt":"2022-09-13T10:02:50","guid":{"rendered":"https:\/\/neu.phono-schop.ch\/index.php\/produkt\/mer-meint-aes-choennt-nued-sy\/"},"modified":"2023-05-24T13:17:25","modified_gmt":"2023-05-24T11:17:25","slug":"mer-meint-aes-choennt-nued-sy","status":"publish","type":"product","link":"https:\/\/phono-schop.ch\/fr\/produkt\/mer-meint-aes-choennt-nued-sy\/","title":{"rendered":"Mer meint \u00e4s ch\u00f6nnt n\u00fcd sy"},"content":{"rendered":"","protected":false},"excerpt":{"rendered":"","protected":false},"featured_media":5241,"template":"","meta":[],"product_brand":[],"product_cat":[333,1056],"product_tag":[],"class_list":{"0":"post-5240","1":"product","2":"type-product","3":"status-publish","4":"has-post-thumbnail","6":"product_cat-schwyzeroergeli-gwerder-rees","7":"product_cat-csr-records-rees-gwerder","8":"product_shipping_class-cds","10":"first","11":"instock","12":"taxable","13":"shipping-taxable","14":"purchasable","15":"product-type-simple"},"_links":{"self":[{"href":"https:\/\/phono-schop.ch\/fr\/wp-json\/wp\/v2\/product\/5240","targetHints":{"allow":["GET"]}}],"collection":[{"href":"https:\/\/phono-schop.ch\/fr\/wp-json\/wp\/v2\/product"}],"about":[{"href":"https:\/\/phono-schop.ch\/fr\/wp-json\/wp\/v2\/types\/product"}],"wp:featuredmedia":[{"embeddable":true,"href":"https:\/\/phono-schop.ch\/fr\/wp-json\/wp\/v2\/media\/5241"}],"wp:attachment":[{"href":"https:\/\/phono-schop.ch\/fr\/wp-json\/wp\/v2\/media?parent=5240"}],"wp:term":[{"taxonomy":"product_brand","embeddable":true,"href":"https:\/\/phono-schop.ch\/fr\/wp-json\/wp\/v2\/product_brand?post=5240"},{"taxonomy":"product_cat","embeddable":true,"href":"https:\/\/phono-schop.ch\/fr\/wp-json\/wp\/v2\/product_cat?post=5240"},{"taxonomy":"product_tag","embeddable":true,"href":"https:\/\/phono-schop.ch\/fr\/wp-json\/wp\/v2\/product_tag?post=5240"}],"curies":[{"name":"wp","href":"https:\/\/api.w.org\/{rel}","templated":true}]}}