{"id":5216,"date":"2022-09-13T12:02:44","date_gmt":"2022-09-13T10:02:44","guid":{"rendered":"https:\/\/neu.phono-schop.ch\/index.php\/produkt\/plaettli-fuer-id-boex\/"},"modified":"2022-09-13T12:02:45","modified_gmt":"2022-09-13T10:02:45","slug":"plaettli-fuer-id-boex","status":"publish","type":"product","link":"https:\/\/phono-schop.ch\/fr\/produkt\/plaettli-fuer-id-boex\/","title":{"rendered":"Pl\u00e4ttli f\u00fcr id B\u00f6x"},"content":{"rendered":"","protected":false},"excerpt":{"rendered":"","protected":false},"featured_media":5217,"template":"","meta":[],"product_brand":[],"product_cat":[333,1056],"product_tag":[],"class_list":{"0":"post-5216","1":"product","2":"type-product","3":"status-publish","4":"has-post-thumbnail","6":"product_cat-schwyzeroergeli-gwerder-rees","7":"product_cat-csr-records-rees-gwerder","8":"product_shipping_class-cds","10":"first","11":"instock","12":"taxable","13":"shipping-taxable","14":"purchasable","15":"product-type-simple"},"_links":{"self":[{"href":"https:\/\/phono-schop.ch\/fr\/wp-json\/wp\/v2\/product\/5216","targetHints":{"allow":["GET"]}}],"collection":[{"href":"https:\/\/phono-schop.ch\/fr\/wp-json\/wp\/v2\/product"}],"about":[{"href":"https:\/\/phono-schop.ch\/fr\/wp-json\/wp\/v2\/types\/product"}],"wp:featuredmedia":[{"embeddable":true,"href":"https:\/\/phono-schop.ch\/fr\/wp-json\/wp\/v2\/media\/5217"}],"wp:attachment":[{"href":"https:\/\/phono-schop.ch\/fr\/wp-json\/wp\/v2\/media?parent=5216"}],"wp:term":[{"taxonomy":"product_brand","embeddable":true,"href":"https:\/\/phono-schop.ch\/fr\/wp-json\/wp\/v2\/product_brand?post=5216"},{"taxonomy":"product_cat","embeddable":true,"href":"https:\/\/phono-schop.ch\/fr\/wp-json\/wp\/v2\/product_cat?post=5216"},{"taxonomy":"product_tag","embeddable":true,"href":"https:\/\/phono-schop.ch\/fr\/wp-json\/wp\/v2\/product_tag?post=5216"}],"curies":[{"name":"wp","href":"https:\/\/api.w.org\/{rel}","templated":true}]}}