{"id":5148,"date":"2022-09-13T12:02:26","date_gmt":"2022-09-13T10:02:26","guid":{"rendered":"https:\/\/neu.phono-schop.ch\/index.php\/produkt\/baerglieder-baerglaendler\/"},"modified":"2022-09-13T12:02:27","modified_gmt":"2022-09-13T10:02:27","slug":"baerglieder-baerglaendler","status":"publish","type":"product","link":"https:\/\/phono-schop.ch\/fr\/produkt\/baerglieder-baerglaendler\/","title":{"rendered":"B\u00e4rglieder &#038; B\u00e4rgl\u00e4ndler"},"content":{"rendered":"","protected":false},"excerpt":{"rendered":"","protected":false},"featured_media":5149,"template":"","meta":[],"product_brand":[],"product_cat":[330],"product_tag":[],"class_list":{"0":"post-5148","1":"product","2":"type-product","3":"status-publish","4":"has-post-thumbnail","6":"product_cat-schwyzeroergeli-diae-urchigae-glarner","7":"product_shipping_class-cds","9":"first","10":"instock","11":"taxable","12":"shipping-taxable","13":"purchasable","14":"product-type-simple"},"_links":{"self":[{"href":"https:\/\/phono-schop.ch\/fr\/wp-json\/wp\/v2\/product\/5148","targetHints":{"allow":["GET"]}}],"collection":[{"href":"https:\/\/phono-schop.ch\/fr\/wp-json\/wp\/v2\/product"}],"about":[{"href":"https:\/\/phono-schop.ch\/fr\/wp-json\/wp\/v2\/types\/product"}],"wp:featuredmedia":[{"embeddable":true,"href":"https:\/\/phono-schop.ch\/fr\/wp-json\/wp\/v2\/media\/5149"}],"wp:attachment":[{"href":"https:\/\/phono-schop.ch\/fr\/wp-json\/wp\/v2\/media?parent=5148"}],"wp:term":[{"taxonomy":"product_brand","embeddable":true,"href":"https:\/\/phono-schop.ch\/fr\/wp-json\/wp\/v2\/product_brand?post=5148"},{"taxonomy":"product_cat","embeddable":true,"href":"https:\/\/phono-schop.ch\/fr\/wp-json\/wp\/v2\/product_cat?post=5148"},{"taxonomy":"product_tag","embeddable":true,"href":"https:\/\/phono-schop.ch\/fr\/wp-json\/wp\/v2\/product_tag?post=5148"}],"curies":[{"name":"wp","href":"https:\/\/api.w.org\/{rel}","templated":true}]}}