{"id":4516,"date":"2022-09-13T11:59:33","date_gmt":"2022-09-13T09:59:33","guid":{"rendered":"https:\/\/neu.phono-schop.ch\/index.php\/produkt\/s-laebae-laebae\/"},"modified":"2022-09-13T11:59:34","modified_gmt":"2022-09-13T09:59:34","slug":"s-laebae-laebae","status":"publish","type":"product","link":"https:\/\/phono-schop.ch\/fr\/produkt\/s-laebae-laebae\/","title":{"rendered":"S L\u00e4b\u00e4 l\u00e4b\u00e4"},"content":{"rendered":"","protected":false},"excerpt":{"rendered":"","protected":false},"featured_media":4517,"template":"","meta":[],"product_brand":[],"product_cat":[270],"product_tag":[],"class_list":{"0":"post-4516","1":"product","2":"type-product","3":"status-publish","4":"has-post-thumbnail","6":"product_cat-handorgel-niklaus-hess","7":"product_shipping_class-cds","9":"first","10":"instock","11":"taxable","12":"shipping-taxable","13":"purchasable","14":"product-type-simple"},"_links":{"self":[{"href":"https:\/\/phono-schop.ch\/fr\/wp-json\/wp\/v2\/product\/4516","targetHints":{"allow":["GET"]}}],"collection":[{"href":"https:\/\/phono-schop.ch\/fr\/wp-json\/wp\/v2\/product"}],"about":[{"href":"https:\/\/phono-schop.ch\/fr\/wp-json\/wp\/v2\/types\/product"}],"wp:featuredmedia":[{"embeddable":true,"href":"https:\/\/phono-schop.ch\/fr\/wp-json\/wp\/v2\/media\/4517"}],"wp:attachment":[{"href":"https:\/\/phono-schop.ch\/fr\/wp-json\/wp\/v2\/media?parent=4516"}],"wp:term":[{"taxonomy":"product_brand","embeddable":true,"href":"https:\/\/phono-schop.ch\/fr\/wp-json\/wp\/v2\/product_brand?post=4516"},{"taxonomy":"product_cat","embeddable":true,"href":"https:\/\/phono-schop.ch\/fr\/wp-json\/wp\/v2\/product_cat?post=4516"},{"taxonomy":"product_tag","embeddable":true,"href":"https:\/\/phono-schop.ch\/fr\/wp-json\/wp\/v2\/product_tag?post=4516"}],"curies":[{"name":"wp","href":"https:\/\/api.w.org\/{rel}","templated":true}]}}