{"id":3716,"date":"2022-09-13T11:56:24","date_gmt":"2022-09-13T09:56:24","guid":{"rendered":"https:\/\/neu.phono-schop.ch\/index.php\/produkt\/ae-chrattae-voll-zwimpfer-taenz\/"},"modified":"2022-09-13T11:56:25","modified_gmt":"2022-09-13T09:56:25","slug":"ae-chrattae-voll-zwimpfer-taenz","status":"publish","type":"product","link":"https:\/\/phono-schop.ch\/fr\/produkt\/ae-chrattae-voll-zwimpfer-taenz\/","title":{"rendered":"\u00c4 Chratt\u00e4 voll Zwimpfer T\u00e4nz"},"content":{"rendered":"","protected":false},"excerpt":{"rendered":"","protected":false},"featured_media":3717,"template":"","meta":[],"product_brand":[],"product_cat":[219,222,249,261],"product_tag":[],"class_list":{"0":"post-3716","1":"product","2":"type-product","3":"status-publish","4":"has-post-thumbnail","6":"product_cat-handorgel-d-e-f","7":"product_cat-handorgel-g-h-i","8":"product_cat-handorgel-s-t-u","9":"product_cat-handorgel-v-w-x-y-z","10":"product_shipping_class-cds","12":"first","13":"instock","14":"taxable","15":"shipping-taxable","16":"purchasable","17":"product-type-simple"},"_links":{"self":[{"href":"https:\/\/phono-schop.ch\/fr\/wp-json\/wp\/v2\/product\/3716","targetHints":{"allow":["GET"]}}],"collection":[{"href":"https:\/\/phono-schop.ch\/fr\/wp-json\/wp\/v2\/product"}],"about":[{"href":"https:\/\/phono-schop.ch\/fr\/wp-json\/wp\/v2\/types\/product"}],"wp:featuredmedia":[{"embeddable":true,"href":"https:\/\/phono-schop.ch\/fr\/wp-json\/wp\/v2\/media\/3717"}],"wp:attachment":[{"href":"https:\/\/phono-schop.ch\/fr\/wp-json\/wp\/v2\/media?parent=3716"}],"wp:term":[{"taxonomy":"product_brand","embeddable":true,"href":"https:\/\/phono-schop.ch\/fr\/wp-json\/wp\/v2\/product_brand?post=3716"},{"taxonomy":"product_cat","embeddable":true,"href":"https:\/\/phono-schop.ch\/fr\/wp-json\/wp\/v2\/product_cat?post=3716"},{"taxonomy":"product_tag","embeddable":true,"href":"https:\/\/phono-schop.ch\/fr\/wp-json\/wp\/v2\/product_tag?post=3716"}],"curies":[{"name":"wp","href":"https:\/\/api.w.org\/{rel}","templated":true}]}}