{"id":3672,"date":"2022-09-13T11:56:15","date_gmt":"2022-09-13T09:56:15","guid":{"rendered":"https:\/\/neu.phono-schop.ch\/index.php\/produkt\/rene-buergler-taenz-aus-illgau\/"},"modified":"2022-09-13T11:56:16","modified_gmt":"2022-09-13T09:56:16","slug":"rene-buergler-taenz-aus-illgau","status":"publish","type":"product","link":"https:\/\/phono-schop.ch\/fr\/produkt\/rene-buergler-taenz-aus-illgau\/","title":{"rendered":"Ren\u00e9 B\u00fcrgler T\u00e4nz aus Illgau"},"content":{"rendered":"","protected":false},"excerpt":{"rendered":"","protected":false},"featured_media":3673,"template":"","meta":[],"product_brand":[],"product_cat":[204,318],"product_tag":[],"class_list":{"0":"post-3672","1":"product","2":"type-product","3":"status-publish","4":"has-post-thumbnail","6":"product_cat-handorgel-a-b-c","7":"product_cat-schwyzeroergeli-a-b-c","8":"product_shipping_class-cds","10":"first","11":"instock","12":"taxable","13":"shipping-taxable","14":"purchasable","15":"product-type-simple"},"_links":{"self":[{"href":"https:\/\/phono-schop.ch\/fr\/wp-json\/wp\/v2\/product\/3672","targetHints":{"allow":["GET"]}}],"collection":[{"href":"https:\/\/phono-schop.ch\/fr\/wp-json\/wp\/v2\/product"}],"about":[{"href":"https:\/\/phono-schop.ch\/fr\/wp-json\/wp\/v2\/types\/product"}],"wp:featuredmedia":[{"embeddable":true,"href":"https:\/\/phono-schop.ch\/fr\/wp-json\/wp\/v2\/media\/3673"}],"wp:attachment":[{"href":"https:\/\/phono-schop.ch\/fr\/wp-json\/wp\/v2\/media?parent=3672"}],"wp:term":[{"taxonomy":"product_brand","embeddable":true,"href":"https:\/\/phono-schop.ch\/fr\/wp-json\/wp\/v2\/product_brand?post=3672"},{"taxonomy":"product_cat","embeddable":true,"href":"https:\/\/phono-schop.ch\/fr\/wp-json\/wp\/v2\/product_cat?post=3672"},{"taxonomy":"product_tag","embeddable":true,"href":"https:\/\/phono-schop.ch\/fr\/wp-json\/wp\/v2\/product_tag?post=3672"}],"curies":[{"name":"wp","href":"https:\/\/api.w.org\/{rel}","templated":true}]}}