{"id":3404,"date":"2022-09-13T11:55:10","date_gmt":"2022-09-13T09:55:10","guid":{"rendered":"https:\/\/neu.phono-schop.ch\/index.php\/produkt\/20-jahr-zaemae-ungerwaegs\/"},"modified":"2022-09-13T11:55:11","modified_gmt":"2022-09-13T09:55:11","slug":"20-jahr-zaemae-ungerwaegs","status":"publish","type":"product","link":"https:\/\/phono-schop.ch\/fr\/produkt\/20-jahr-zaemae-ungerwaegs\/","title":{"rendered":"20 Jahr z\u00e4m\u00e4 ungerw\u00e4gs"},"content":{"rendered":"","protected":false},"excerpt":{"rendered":"","protected":false},"featured_media":3405,"template":"","meta":[],"product_brand":[],"product_cat":[183],"product_tag":[],"class_list":{"0":"post-3404","1":"product","2":"type-product","3":"status-publish","4":"has-post-thumbnail","6":"product_cat-laendlerkapellen-enzian-kapelle","7":"product_shipping_class-cds","9":"first","10":"instock","11":"taxable","12":"shipping-taxable","13":"purchasable","14":"product-type-simple"},"_links":{"self":[{"href":"https:\/\/phono-schop.ch\/fr\/wp-json\/wp\/v2\/product\/3404","targetHints":{"allow":["GET"]}}],"collection":[{"href":"https:\/\/phono-schop.ch\/fr\/wp-json\/wp\/v2\/product"}],"about":[{"href":"https:\/\/phono-schop.ch\/fr\/wp-json\/wp\/v2\/types\/product"}],"wp:featuredmedia":[{"embeddable":true,"href":"https:\/\/phono-schop.ch\/fr\/wp-json\/wp\/v2\/media\/3405"}],"wp:attachment":[{"href":"https:\/\/phono-schop.ch\/fr\/wp-json\/wp\/v2\/media?parent=3404"}],"wp:term":[{"taxonomy":"product_brand","embeddable":true,"href":"https:\/\/phono-schop.ch\/fr\/wp-json\/wp\/v2\/product_brand?post=3404"},{"taxonomy":"product_cat","embeddable":true,"href":"https:\/\/phono-schop.ch\/fr\/wp-json\/wp\/v2\/product_cat?post=3404"},{"taxonomy":"product_tag","embeddable":true,"href":"https:\/\/phono-schop.ch\/fr\/wp-json\/wp\/v2\/product_tag?post=3404"}],"curies":[{"name":"wp","href":"https:\/\/api.w.org\/{rel}","templated":true}]}}