{"id":27668,"date":"2026-04-14T07:59:52","date_gmt":"2026-04-14T05:59:52","guid":{"rendered":"https:\/\/phono-schop.ch\/produkt\/saennebueeblae-stimmig\/"},"modified":"2026-04-14T08:11:57","modified_gmt":"2026-04-14T06:11:57","slug":"saennebueeblae-stimmig","status":"publish","type":"product","link":"https:\/\/phono-schop.ch\/fr\/produkt\/saennebueeblae-stimmig\/","title":{"rendered":"S\u00e4nneb\u00fcebl\u00e4-Stimmig!"},"content":{"rendered":"","protected":false},"excerpt":{"rendered":"","protected":false},"featured_media":27677,"template":"","meta":[],"product_brand":[],"product_cat":[1091,1085,360],"product_tag":[1076,78],"class_list":{"0":"post-27668","1":"product","2":"type-product","3":"status-publish","4":"has-post-thumbnail","6":"product_cat-neuheiten-alle","7":"product_cat-neuheiten-traditionell","8":"product_cat-schwyzeroergeli-s-t-u","9":"product_tag-neuerscheinungen","10":"product_tag-produktslider","11":"product_shipping_class-cds","13":"first","14":"instock","15":"taxable","16":"shipping-taxable","17":"purchasable","18":"product-type-simple"},"_links":{"self":[{"href":"https:\/\/phono-schop.ch\/fr\/wp-json\/wp\/v2\/product\/27668","targetHints":{"allow":["GET"]}}],"collection":[{"href":"https:\/\/phono-schop.ch\/fr\/wp-json\/wp\/v2\/product"}],"about":[{"href":"https:\/\/phono-schop.ch\/fr\/wp-json\/wp\/v2\/types\/product"}],"wp:featuredmedia":[{"embeddable":true,"href":"https:\/\/phono-schop.ch\/fr\/wp-json\/wp\/v2\/media\/27677"}],"wp:attachment":[{"href":"https:\/\/phono-schop.ch\/fr\/wp-json\/wp\/v2\/media?parent=27668"}],"wp:term":[{"taxonomy":"product_brand","embeddable":true,"href":"https:\/\/phono-schop.ch\/fr\/wp-json\/wp\/v2\/product_brand?post=27668"},{"taxonomy":"product_cat","embeddable":true,"href":"https:\/\/phono-schop.ch\/fr\/wp-json\/wp\/v2\/product_cat?post=27668"},{"taxonomy":"product_tag","embeddable":true,"href":"https:\/\/phono-schop.ch\/fr\/wp-json\/wp\/v2\/product_tag?post=27668"}],"curies":[{"name":"wp","href":"https:\/\/api.w.org\/{rel}","templated":true}]}}