{"id":26266,"date":"2025-10-07T12:31:45","date_gmt":"2025-10-07T10:31:45","guid":{"rendered":"https:\/\/phono-schop.ch\/produkt\/20-johr-zaemae-oderwaegs\/"},"modified":"2026-03-25T07:53:27","modified_gmt":"2026-03-25T06:53:27","slug":"20-johr-zaemae-oderwaegs","status":"publish","type":"product","link":"https:\/\/phono-schop.ch\/fr\/produkt\/20-johr-zaemae-oderwaegs\/","title":{"rendered":"20 Johr z\u00e4m\u00e4 onderw\u00e4gs"},"content":{"rendered":"","protected":false},"excerpt":{"rendered":"","protected":false},"featured_media":26267,"template":"","meta":[],"product_brand":[],"product_cat":[1091,1085,348],"product_tag":[],"class_list":{"0":"post-26266","1":"product","2":"type-product","3":"status-publish","4":"has-post-thumbnail","6":"product_cat-neuheiten-alle","7":"product_cat-neuheiten-traditionell","8":"product_cat-schwyzeroergeli-m-n-o","9":"product_shipping_class-cds","11":"first","12":"instock","13":"taxable","14":"shipping-taxable","15":"purchasable","16":"product-type-simple"},"_links":{"self":[{"href":"https:\/\/phono-schop.ch\/fr\/wp-json\/wp\/v2\/product\/26266","targetHints":{"allow":["GET"]}}],"collection":[{"href":"https:\/\/phono-schop.ch\/fr\/wp-json\/wp\/v2\/product"}],"about":[{"href":"https:\/\/phono-schop.ch\/fr\/wp-json\/wp\/v2\/types\/product"}],"wp:featuredmedia":[{"embeddable":true,"href":"https:\/\/phono-schop.ch\/fr\/wp-json\/wp\/v2\/media\/26267"}],"wp:attachment":[{"href":"https:\/\/phono-schop.ch\/fr\/wp-json\/wp\/v2\/media?parent=26266"}],"wp:term":[{"taxonomy":"product_brand","embeddable":true,"href":"https:\/\/phono-schop.ch\/fr\/wp-json\/wp\/v2\/product_brand?post=26266"},{"taxonomy":"product_cat","embeddable":true,"href":"https:\/\/phono-schop.ch\/fr\/wp-json\/wp\/v2\/product_cat?post=26266"},{"taxonomy":"product_tag","embeddable":true,"href":"https:\/\/phono-schop.ch\/fr\/wp-json\/wp\/v2\/product_tag?post=26266"}],"curies":[{"name":"wp","href":"https:\/\/api.w.org\/{rel}","templated":true}]}}