{"id":2612,"date":"2022-09-13T11:52:06","date_gmt":"2022-09-13T09:52:06","guid":{"rendered":"https:\/\/neu.phono-schop.ch\/index.php\/produkt\/ae-gmueetlichae-hock\/"},"modified":"2023-06-23T08:02:54","modified_gmt":"2023-06-23T06:02:54","slug":"ae-gmueetlichae-hock","status":"publish","type":"product","link":"https:\/\/phono-schop.ch\/fr\/produkt\/ae-gmueetlichae-hock\/","title":{"rendered":"\u00c4 gm\u00fcetlich\u00e4 Hock"},"content":{"rendered":"","protected":false},"excerpt":{"rendered":"","protected":false},"featured_media":2613,"template":"","meta":[],"product_brand":[],"product_cat":[111,117,303,1094],"product_tag":[],"class_list":{"0":"post-2612","1":"product","2":"type-product","3":"status-publish","4":"has-post-thumbnail","6":"product_cat-laendlerkapellen-g-h-i","7":"product_cat-laendlerkapellen-j-k-l","8":"product_cat-handorgel-luethi-simon","9":"product_cat-simon-luethi","10":"product_shipping_class-cds","12":"first","13":"instock","14":"taxable","15":"shipping-taxable","16":"purchasable","17":"product-type-simple"},"_links":{"self":[{"href":"https:\/\/phono-schop.ch\/fr\/wp-json\/wp\/v2\/product\/2612","targetHints":{"allow":["GET"]}}],"collection":[{"href":"https:\/\/phono-schop.ch\/fr\/wp-json\/wp\/v2\/product"}],"about":[{"href":"https:\/\/phono-schop.ch\/fr\/wp-json\/wp\/v2\/types\/product"}],"wp:featuredmedia":[{"embeddable":true,"href":"https:\/\/phono-schop.ch\/fr\/wp-json\/wp\/v2\/media\/2613"}],"wp:attachment":[{"href":"https:\/\/phono-schop.ch\/fr\/wp-json\/wp\/v2\/media?parent=2612"}],"wp:term":[{"taxonomy":"product_brand","embeddable":true,"href":"https:\/\/phono-schop.ch\/fr\/wp-json\/wp\/v2\/product_brand?post=2612"},{"taxonomy":"product_cat","embeddable":true,"href":"https:\/\/phono-schop.ch\/fr\/wp-json\/wp\/v2\/product_cat?post=2612"},{"taxonomy":"product_tag","embeddable":true,"href":"https:\/\/phono-schop.ch\/fr\/wp-json\/wp\/v2\/product_tag?post=2612"}],"curies":[{"name":"wp","href":"https:\/\/api.w.org\/{rel}","templated":true}]}}