{"id":24335,"date":"2024-12-05T13:07:32","date_gmt":"2024-12-05T12:07:32","guid":{"rendered":"https:\/\/phono-schop.ch\/produkt\/aes-muesigli-vo-haerze\/"},"modified":"2024-12-05T13:11:02","modified_gmt":"2024-12-05T12:11:02","slug":"aes-muesigli-vo-haerze","status":"publish","type":"product","link":"https:\/\/phono-schop.ch\/fr\/produkt\/aes-muesigli-vo-haerze\/","title":{"rendered":"\u00c4s M\u00fcsigli vo H\u00e4rze"},"content":{"rendered":"","protected":false},"excerpt":{"rendered":"","protected":false},"featured_media":24343,"template":"","meta":[],"product_brand":[],"product_cat":[204],"product_tag":[],"class_list":{"0":"post-24335","1":"product","2":"type-product","3":"status-publish","4":"has-post-thumbnail","6":"product_cat-handorgel-a-b-c","7":"product_shipping_class-cds","9":"first","10":"instock","11":"taxable","12":"shipping-taxable","13":"purchasable","14":"product-type-simple"},"_links":{"self":[{"href":"https:\/\/phono-schop.ch\/fr\/wp-json\/wp\/v2\/product\/24335","targetHints":{"allow":["GET"]}}],"collection":[{"href":"https:\/\/phono-schop.ch\/fr\/wp-json\/wp\/v2\/product"}],"about":[{"href":"https:\/\/phono-schop.ch\/fr\/wp-json\/wp\/v2\/types\/product"}],"wp:featuredmedia":[{"embeddable":true,"href":"https:\/\/phono-schop.ch\/fr\/wp-json\/wp\/v2\/media\/24343"}],"wp:attachment":[{"href":"https:\/\/phono-schop.ch\/fr\/wp-json\/wp\/v2\/media?parent=24335"}],"wp:term":[{"taxonomy":"product_brand","embeddable":true,"href":"https:\/\/phono-schop.ch\/fr\/wp-json\/wp\/v2\/product_brand?post=24335"},{"taxonomy":"product_cat","embeddable":true,"href":"https:\/\/phono-schop.ch\/fr\/wp-json\/wp\/v2\/product_cat?post=24335"},{"taxonomy":"product_tag","embeddable":true,"href":"https:\/\/phono-schop.ch\/fr\/wp-json\/wp\/v2\/product_tag?post=24335"}],"curies":[{"name":"wp","href":"https:\/\/api.w.org\/{rel}","templated":true}]}}