{"id":21430,"date":"2024-03-21T17:29:21","date_gmt":"2024-03-21T16:29:21","guid":{"rendered":"https:\/\/phono-schop.ch\/produkt\/uese-maelcher-u-dchoechi\/"},"modified":"2024-03-21T17:31:56","modified_gmt":"2024-03-21T16:31:56","slug":"uese-maelcher-u-dchoechi","status":"publish","type":"product","link":"https:\/\/phono-schop.ch\/fr\/produkt\/uese-maelcher-u-dchoechi\/","title":{"rendered":"\u00dcse M\u00e4lcher u d&rsquo;Ch\u00f6chi"},"content":{"rendered":"","protected":false},"excerpt":{"rendered":"","protected":false},"featured_media":21437,"template":"","meta":[],"product_brand":[],"product_cat":[483],"product_tag":[],"class_list":{"0":"post-21430","1":"product","2":"type-product","3":"status-publish","4":"has-post-thumbnail","6":"product_cat-jodel-p-q-r","7":"product_shipping_class-cds","9":"first","10":"instock","11":"taxable","12":"shipping-taxable","13":"purchasable","14":"product-type-simple"},"_links":{"self":[{"href":"https:\/\/phono-schop.ch\/fr\/wp-json\/wp\/v2\/product\/21430","targetHints":{"allow":["GET"]}}],"collection":[{"href":"https:\/\/phono-schop.ch\/fr\/wp-json\/wp\/v2\/product"}],"about":[{"href":"https:\/\/phono-schop.ch\/fr\/wp-json\/wp\/v2\/types\/product"}],"wp:featuredmedia":[{"embeddable":true,"href":"https:\/\/phono-schop.ch\/fr\/wp-json\/wp\/v2\/media\/21437"}],"wp:attachment":[{"href":"https:\/\/phono-schop.ch\/fr\/wp-json\/wp\/v2\/media?parent=21430"}],"wp:term":[{"taxonomy":"product_brand","embeddable":true,"href":"https:\/\/phono-schop.ch\/fr\/wp-json\/wp\/v2\/product_brand?post=21430"},{"taxonomy":"product_cat","embeddable":true,"href":"https:\/\/phono-schop.ch\/fr\/wp-json\/wp\/v2\/product_cat?post=21430"},{"taxonomy":"product_tag","embeddable":true,"href":"https:\/\/phono-schop.ch\/fr\/wp-json\/wp\/v2\/product_tag?post=21430"}],"curies":[{"name":"wp","href":"https:\/\/api.w.org\/{rel}","templated":true}]}}