{"id":10980,"date":"2022-09-13T12:29:40","date_gmt":"2022-09-13T10:29:40","guid":{"rendered":"https:\/\/neu.phono-schop.ch\/index.php\/produkt\/uebere-gotthard-flueget-braeme-2\/"},"modified":"2022-09-13T12:29:42","modified_gmt":"2022-09-13T10:29:42","slug":"uebere-gotthard-flueget-braeme-2","status":"publish","type":"product","link":"https:\/\/phono-schop.ch\/fr\/produkt\/uebere-gotthard-flueget-braeme-2\/","title":{"rendered":"\u00dcBERE GOTTHARD FL\u00dcGET BR\u00c4ME. 2"},"content":{"rendered":"","protected":false},"excerpt":{"rendered":"","protected":false},"featured_media":10981,"template":"","meta":[],"product_brand":[],"product_cat":[744],"product_tag":[],"class_list":{"0":"post-10980","1":"product","2":"type-product","3":"status-publish","4":"has-post-thumbnail","6":"product_cat-spezielles-nostalgische-aufnahmen","7":"product_shipping_class-cds","9":"first","10":"instock","11":"taxable","12":"shipping-taxable","13":"purchasable","14":"product-type-simple"},"_links":{"self":[{"href":"https:\/\/phono-schop.ch\/fr\/wp-json\/wp\/v2\/product\/10980","targetHints":{"allow":["GET"]}}],"collection":[{"href":"https:\/\/phono-schop.ch\/fr\/wp-json\/wp\/v2\/product"}],"about":[{"href":"https:\/\/phono-schop.ch\/fr\/wp-json\/wp\/v2\/types\/product"}],"wp:featuredmedia":[{"embeddable":true,"href":"https:\/\/phono-schop.ch\/fr\/wp-json\/wp\/v2\/media\/10981"}],"wp:attachment":[{"href":"https:\/\/phono-schop.ch\/fr\/wp-json\/wp\/v2\/media?parent=10980"}],"wp:term":[{"taxonomy":"product_brand","embeddable":true,"href":"https:\/\/phono-schop.ch\/fr\/wp-json\/wp\/v2\/product_brand?post=10980"},{"taxonomy":"product_cat","embeddable":true,"href":"https:\/\/phono-schop.ch\/fr\/wp-json\/wp\/v2\/product_cat?post=10980"},{"taxonomy":"product_tag","embeddable":true,"href":"https:\/\/phono-schop.ch\/fr\/wp-json\/wp\/v2\/product_tag?post=10980"}],"curies":[{"name":"wp","href":"https:\/\/api.w.org\/{rel}","templated":true}]}}