{"id":1233,"date":"2022-06-14T13:59:10","date_gmt":"2022-06-14T11:59:10","guid":{"rendered":"https:\/\/neu.phono-schop.ch\/index.php\/aide\/"},"modified":"2023-04-25T12:00:52","modified_gmt":"2023-04-25T10:00:52","slug":"aide","status":"publish","type":"page","link":"https:\/\/phono-schop.ch\/fr\/aide\/","title":{"rendered":"Aide"},"content":{"rendered":"\t\t<div data-elementor-type=\"wp-page\" data-elementor-id=\"1233\" class=\"elementor elementor-1233 elementor-1202\" data-elementor-post-type=\"page\">\n\t\t\t\t\t\t<section class=\"elementor-section elementor-top-section elementor-element elementor-element-5e891eaf elementor-section-boxed elementor-section-height-default elementor-section-height-default\" data-id=\"5e891eaf\" data-element_type=\"section\" data-e-type=\"section\" data-settings=\"{&quot;background_background&quot;:&quot;classic&quot;}\">\n\t\t\t\t\t\t\t<div class=\"elementor-background-overlay\"><\/div>\n\t\t\t\t\t\t\t<div class=\"elementor-container elementor-column-gap-default\">\n\t\t\t\t\t<div class=\"elementor-column elementor-col-100 elementor-top-column elementor-element elementor-element-47d9318c\" data-id=\"47d9318c\" data-element_type=\"column\" data-e-type=\"column\">\n\t\t\t<div class=\"elementor-widget-wrap elementor-element-populated\">\n\t\t\t\t\t\t<div class=\"elementor-element elementor-element-7928b00e elementor-widget elementor-widget-heading\" data-id=\"7928b00e\" data-element_type=\"widget\" data-e-type=\"widget\" data-widget_type=\"heading.default\">\n\t\t\t\t<div class=\"elementor-widget-container\">\n\t\t\t\t\t<h2 class=\"elementor-heading-title elementor-size-default\">Le plus haut niveau possible de service et d'assistance.<\/h2>\t\t\t\t<\/div>\n\t\t\t\t<\/div>\n\t\t\t\t<div class=\"elementor-element elementor-element-11e6dcaf elementor-widget elementor-widget-text-editor\" data-id=\"11e6dcaf\" data-element_type=\"widget\" data-e-type=\"widget\" data-widget_type=\"text-editor.default\">\n\t\t\t\t<div class=\"elementor-widget-container\">\n\t\t\t\t\t\t\t\t\t<p>Notre priorit\u00e9 absolue est de vous servir, vous, nos clients, \u00e0 votre enti\u00e8re satisfaction.<\/p>\n<p>Cela inclut la qualit\u00e9 impeccable de nos produits, la livraison la plus rapide possible de votre commande ainsi que le conseil et l&rsquo;assistance aupr\u00e8s de nos clients.<\/p>\n<p><strong>Voici quelques principes :<\/strong><\/p>\n<ul>\n<li>De notre entrep\u00f4t, nous ne livrons que des produits neufs de la marque d&rsquo;origine et de qualit\u00e9.<\/li>\n<li>Votre commande sera toujours livr\u00e9e imm\u00e9diatement malgr\u00e9 le d\u00e9lai de livraison indiqu\u00e9 de 3-4 jours.<\/li>\n<li>En principe, vous pouvez supposer que votre commande quittera nos locaux le jour m\u00eame avant 15h00.<br \/>Ceci si les articles sont en stock.<\/li>\n<li>La livraison en Suisse est toujours franco de port et par courrier A.<\/li>\n<li>L&rsquo;enl\u00e8vement direct \u00e0 notre entrep\u00f4t peut \u00eatre organis\u00e9 \u00e0 tout moment sur rendez-vous.\n<\/li>\n<\/ul>\n\t\t\t\t\t\t\t\t<\/div>\n\t\t\t\t<\/div>\n\t\t\t\t<div class=\"elementor-element elementor-element-ee6615c elementor-widget elementor-widget-heading\" data-id=\"ee6615c\" data-element_type=\"widget\" data-e-type=\"widget\" data-widget_type=\"heading.default\">\n\t\t\t\t<div class=\"elementor-widget-container\">\n\t\t\t\t\t<h2 class=\"elementor-heading-title elementor-size-default\">Vous avez des questions sur les produits ou le processus de commande ?<\/h2>\t\t\t\t<\/div>\n\t\t\t\t<\/div>\n\t\t\t\t<div class=\"elementor-element elementor-element-86988ad elementor-widget elementor-widget-text-editor\" data-id=\"86988ad\" data-element_type=\"widget\" data-e-type=\"widget\" data-widget_type=\"text-editor.default\">\n\t\t\t\t<div class=\"elementor-widget-container\">\n\t\t\t\t\t\t\t\t\t<p>N&rsquo;h\u00e9sitez pas \u00e0 nous contacter.<\/p>\n<p><strong>Vous pouvez le faire au num\u00e9ro de t\u00e9l\u00e9phone suivant 041 628 19 57 ou le <a href=\"https:\/\/phono-schop.ch\/index.php\/qui-sommes-nous-2\/?lang=fr#kontaktformular\">formulaire de contact.<\/a><\/strong><\/p>\n\t\t\t\t\t\t\t\t<\/div>\n\t\t\t\t<\/div>\n\t\t\t\t\t<\/div>\n\t\t<\/div>\n\t\t\t\t\t<\/div>\n\t\t<\/section>\n\t\t\t\t<\/div>\n\t\t","protected":false},"excerpt":{"rendered":"<p>Le plus haut niveau possible de service et d&rsquo;assistance. Notre priorit\u00e9 absolue est de vous servir, vous, nos clients, \u00e0 votre enti\u00e8re satisfaction. Cela inclut la qualit\u00e9 impeccable de nos produits, la livraison la plus rapide possible de votre commande ainsi que le conseil et l&rsquo;assistance aupr\u00e8s de nos clients. Voici quelques principes : De [&hellip;]<\/p>\n","protected":false},"author":2,"featured_media":0,"parent":0,"menu_order":0,"comment_status":"closed","ping_status":"closed","template":"","meta":{"footnotes":""},"class_list":["post-1233","page","type-page","status-publish","hentry"],"_links":{"self":[{"href":"https:\/\/phono-schop.ch\/fr\/wp-json\/wp\/v2\/pages\/1233","targetHints":{"allow":["GET"]}}],"collection":[{"href":"https:\/\/phono-schop.ch\/fr\/wp-json\/wp\/v2\/pages"}],"about":[{"href":"https:\/\/phono-schop.ch\/fr\/wp-json\/wp\/v2\/types\/page"}],"author":[{"embeddable":true,"href":"https:\/\/phono-schop.ch\/fr\/wp-json\/wp\/v2\/users\/2"}],"replies":[{"embeddable":true,"href":"https:\/\/phono-schop.ch\/fr\/wp-json\/wp\/v2\/comments?post=1233"}],"version-history":[{"count":13,"href":"https:\/\/phono-schop.ch\/fr\/wp-json\/wp\/v2\/pages\/1233\/revisions"}],"predecessor-version":[{"id":17701,"href":"https:\/\/phono-schop.ch\/fr\/wp-json\/wp\/v2\/pages\/1233\/revisions\/17701"}],"wp:attachment":[{"href":"https:\/\/phono-schop.ch\/fr\/wp-json\/wp\/v2\/media?parent=1233"}],"curies":[{"name":"wp","href":"https:\/\/api.w.org\/{rel}","templated":true}]}}