{"id":9596,"date":"2022-09-13T12:22:42","date_gmt":"2022-09-13T10:22:42","guid":{"rendered":"https:\/\/neu.phono-schop.ch\/index.php\/produkt\/diae-16-schoenschtae-potpourri\/"},"modified":"2022-09-13T12:22:43","modified_gmt":"2022-09-13T10:22:43","slug":"diae-16-schoenschtae-potpourri","status":"publish","type":"product","link":"https:\/\/phono-schop.ch\/en\/produkt\/diae-16-schoenschtae-potpourri\/","title":{"rendered":"Di\u00e4 16 sch\u00f6nscht\u00e4 Potpourri"},"content":{"rendered":"","protected":false},"excerpt":{"rendered":"","protected":false},"featured_media":9597,"template":"","meta":[],"product_brand":[],"product_cat":[729],"product_tag":[],"class_list":{"0":"post-9596","1":"product","2":"type-product","3":"status-publish","4":"has-post-thumbnail","6":"product_cat-gemischte-produktionen-instrumental-a-z","7":"product_shipping_class-cds","9":"first","10":"instock","11":"taxable","12":"shipping-taxable","13":"purchasable","14":"product-type-simple"},"_links":{"self":[{"href":"https:\/\/phono-schop.ch\/en\/wp-json\/wp\/v2\/product\/9596","targetHints":{"allow":["GET"]}}],"collection":[{"href":"https:\/\/phono-schop.ch\/en\/wp-json\/wp\/v2\/product"}],"about":[{"href":"https:\/\/phono-schop.ch\/en\/wp-json\/wp\/v2\/types\/product"}],"wp:featuredmedia":[{"embeddable":true,"href":"https:\/\/phono-schop.ch\/en\/wp-json\/wp\/v2\/media\/9597"}],"wp:attachment":[{"href":"https:\/\/phono-schop.ch\/en\/wp-json\/wp\/v2\/media?parent=9596"}],"wp:term":[{"taxonomy":"product_brand","embeddable":true,"href":"https:\/\/phono-schop.ch\/en\/wp-json\/wp\/v2\/product_brand?post=9596"},{"taxonomy":"product_cat","embeddable":true,"href":"https:\/\/phono-schop.ch\/en\/wp-json\/wp\/v2\/product_cat?post=9596"},{"taxonomy":"product_tag","embeddable":true,"href":"https:\/\/phono-schop.ch\/en\/wp-json\/wp\/v2\/product_tag?post=9596"}],"curies":[{"name":"wp","href":"https:\/\/api.w.org\/{rel}","templated":true}]}}