{"id":7224,"date":"2022-09-13T12:11:47","date_gmt":"2022-09-13T10:11:47","guid":{"rendered":"https:\/\/neu.phono-schop.ch\/index.php\/produkt\/es-faescht-fuer-mis-haerz-2\/"},"modified":"2022-09-13T12:11:48","modified_gmt":"2022-09-13T10:11:48","slug":"es-faescht-fuer-mis-haerz-2","status":"publish","type":"product","link":"https:\/\/phono-schop.ch\/en\/produkt\/es-faescht-fuer-mis-haerz-2\/","title":{"rendered":"Es F\u00e4scht f\u00fcr mis H\u00e4rz"},"content":{"rendered":"","protected":false},"excerpt":{"rendered":"","protected":false},"featured_media":7225,"template":"","meta":[],"product_brand":[],"product_cat":[492],"product_tag":[],"class_list":{"0":"post-7224","1":"product","2":"type-product","3":"status-publish","4":"has-post-thumbnail","6":"product_cat-jodel-s-t-u","7":"product_shipping_class-cds","9":"first","10":"instock","11":"taxable","12":"shipping-taxable","13":"purchasable","14":"product-type-simple"},"_links":{"self":[{"href":"https:\/\/phono-schop.ch\/en\/wp-json\/wp\/v2\/product\/7224","targetHints":{"allow":["GET"]}}],"collection":[{"href":"https:\/\/phono-schop.ch\/en\/wp-json\/wp\/v2\/product"}],"about":[{"href":"https:\/\/phono-schop.ch\/en\/wp-json\/wp\/v2\/types\/product"}],"wp:featuredmedia":[{"embeddable":true,"href":"https:\/\/phono-schop.ch\/en\/wp-json\/wp\/v2\/media\/7225"}],"wp:attachment":[{"href":"https:\/\/phono-schop.ch\/en\/wp-json\/wp\/v2\/media?parent=7224"}],"wp:term":[{"taxonomy":"product_brand","embeddable":true,"href":"https:\/\/phono-schop.ch\/en\/wp-json\/wp\/v2\/product_brand?post=7224"},{"taxonomy":"product_cat","embeddable":true,"href":"https:\/\/phono-schop.ch\/en\/wp-json\/wp\/v2\/product_cat?post=7224"},{"taxonomy":"product_tag","embeddable":true,"href":"https:\/\/phono-schop.ch\/en\/wp-json\/wp\/v2\/product_tag?post=7224"}],"curies":[{"name":"wp","href":"https:\/\/api.w.org\/{rel}","templated":true}]}}