{"id":5744,"date":"2022-09-13T12:05:03","date_gmt":"2022-09-13T10:05:03","guid":{"rendered":"https:\/\/neu.phono-schop.ch\/index.php\/produkt\/luschtig-und-froehli-laebt-dr-loe\/"},"modified":"2024-11-04T11:31:35","modified_gmt":"2024-11-04T10:31:35","slug":"luschtig-und-froehli-laebt-dr-loe","status":"publish","type":"product","link":"https:\/\/phono-schop.ch\/en\/produkt\/luschtig-und-froehli-laebt-dr-loe\/","title":{"rendered":"Luschtig und fr\u00f6hli l\u00e4bt dr L\u00f6li"},"content":{"rendered":"","protected":false},"excerpt":{"rendered":"","protected":false},"featured_media":5745,"template":"","meta":[],"product_brand":[],"product_cat":[360],"product_tag":[],"class_list":{"0":"post-5744","1":"product","2":"type-product","3":"status-publish","4":"has-post-thumbnail","6":"product_cat-schwyzeroergeli-s-t-u","7":"product_shipping_class-cds","9":"first","10":"instock","11":"taxable","12":"shipping-taxable","13":"purchasable","14":"product-type-simple"},"_links":{"self":[{"href":"https:\/\/phono-schop.ch\/en\/wp-json\/wp\/v2\/product\/5744","targetHints":{"allow":["GET"]}}],"collection":[{"href":"https:\/\/phono-schop.ch\/en\/wp-json\/wp\/v2\/product"}],"about":[{"href":"https:\/\/phono-schop.ch\/en\/wp-json\/wp\/v2\/types\/product"}],"wp:featuredmedia":[{"embeddable":true,"href":"https:\/\/phono-schop.ch\/en\/wp-json\/wp\/v2\/media\/5745"}],"wp:attachment":[{"href":"https:\/\/phono-schop.ch\/en\/wp-json\/wp\/v2\/media?parent=5744"}],"wp:term":[{"taxonomy":"product_brand","embeddable":true,"href":"https:\/\/phono-schop.ch\/en\/wp-json\/wp\/v2\/product_brand?post=5744"},{"taxonomy":"product_cat","embeddable":true,"href":"https:\/\/phono-schop.ch\/en\/wp-json\/wp\/v2\/product_cat?post=5744"},{"taxonomy":"product_tag","embeddable":true,"href":"https:\/\/phono-schop.ch\/en\/wp-json\/wp\/v2\/product_tag?post=5744"}],"curies":[{"name":"wp","href":"https:\/\/api.w.org\/{rel}","templated":true}]}}