{"id":4244,"date":"2022-09-13T11:58:32","date_gmt":"2022-09-13T09:58:32","guid":{"rendered":"https:\/\/neu.phono-schop.ch\/index.php\/produkt\/aes-vrenaelaet\/"},"modified":"2022-09-13T11:58:33","modified_gmt":"2022-09-13T09:58:33","slug":"aes-vrenaelaet","status":"publish","type":"product","link":"https:\/\/phono-schop.ch\/en\/produkt\/aes-vrenaelaet\/","title":{"rendered":"\u00c4s vren\u00e4l\u00e4t!"},"content":{"rendered":"","protected":false},"excerpt":{"rendered":"","protected":false},"featured_media":4245,"template":"","meta":[],"product_brand":[],"product_cat":[249],"product_tag":[],"class_list":{"0":"post-4244","1":"product","2":"type-product","3":"status-publish","4":"has-post-thumbnail","6":"product_cat-handorgel-s-t-u","7":"product_shipping_class-cds","9":"first","10":"instock","11":"taxable","12":"shipping-taxable","13":"purchasable","14":"product-type-simple"},"_links":{"self":[{"href":"https:\/\/phono-schop.ch\/en\/wp-json\/wp\/v2\/product\/4244","targetHints":{"allow":["GET"]}}],"collection":[{"href":"https:\/\/phono-schop.ch\/en\/wp-json\/wp\/v2\/product"}],"about":[{"href":"https:\/\/phono-schop.ch\/en\/wp-json\/wp\/v2\/types\/product"}],"wp:featuredmedia":[{"embeddable":true,"href":"https:\/\/phono-schop.ch\/en\/wp-json\/wp\/v2\/media\/4245"}],"wp:attachment":[{"href":"https:\/\/phono-schop.ch\/en\/wp-json\/wp\/v2\/media?parent=4244"}],"wp:term":[{"taxonomy":"product_brand","embeddable":true,"href":"https:\/\/phono-schop.ch\/en\/wp-json\/wp\/v2\/product_brand?post=4244"},{"taxonomy":"product_cat","embeddable":true,"href":"https:\/\/phono-schop.ch\/en\/wp-json\/wp\/v2\/product_cat?post=4244"},{"taxonomy":"product_tag","embeddable":true,"href":"https:\/\/phono-schop.ch\/en\/wp-json\/wp\/v2\/product_tag?post=4244"}],"curies":[{"name":"wp","href":"https:\/\/api.w.org\/{rel}","templated":true}]}}