{"id":3840,"date":"2022-09-13T11:56:52","date_gmt":"2022-09-13T09:56:52","guid":{"rendered":"https:\/\/neu.phono-schop.ch\/index.php\/produkt\/schraegers-graeders-us-aem-muotatal\/"},"modified":"2022-09-13T11:56:53","modified_gmt":"2022-09-13T09:56:53","slug":"schraegers-graeders-us-aem-muotatal","status":"publish","type":"product","link":"https:\/\/phono-schop.ch\/en\/produkt\/schraegers-graeders-us-aem-muotatal\/","title":{"rendered":"Schr\u00e4gers &#038; Gr\u00e4ders us \u00e4m Muotatal"},"content":{"rendered":"","protected":false},"excerpt":{"rendered":"","protected":false},"featured_media":3841,"template":"","meta":[],"product_brand":[],"product_cat":[219,237,621],"product_tag":[],"class_list":{"0":"post-3840","1":"product","2":"type-product","3":"status-publish","4":"has-post-thumbnail","6":"product_cat-handorgel-d-e-f","7":"product_cat-handorgel-m-n-o","8":"product_cat-jodel-natur-pur","9":"product_shipping_class-cds","11":"first","12":"instock","13":"taxable","14":"shipping-taxable","15":"purchasable","16":"product-type-simple"},"_links":{"self":[{"href":"https:\/\/phono-schop.ch\/en\/wp-json\/wp\/v2\/product\/3840","targetHints":{"allow":["GET"]}}],"collection":[{"href":"https:\/\/phono-schop.ch\/en\/wp-json\/wp\/v2\/product"}],"about":[{"href":"https:\/\/phono-schop.ch\/en\/wp-json\/wp\/v2\/types\/product"}],"wp:featuredmedia":[{"embeddable":true,"href":"https:\/\/phono-schop.ch\/en\/wp-json\/wp\/v2\/media\/3841"}],"wp:attachment":[{"href":"https:\/\/phono-schop.ch\/en\/wp-json\/wp\/v2\/media?parent=3840"}],"wp:term":[{"taxonomy":"product_brand","embeddable":true,"href":"https:\/\/phono-schop.ch\/en\/wp-json\/wp\/v2\/product_brand?post=3840"},{"taxonomy":"product_cat","embeddable":true,"href":"https:\/\/phono-schop.ch\/en\/wp-json\/wp\/v2\/product_cat?post=3840"},{"taxonomy":"product_tag","embeddable":true,"href":"https:\/\/phono-schop.ch\/en\/wp-json\/wp\/v2\/product_tag?post=3840"}],"curies":[{"name":"wp","href":"https:\/\/api.w.org\/{rel}","templated":true}]}}