{"id":3668,"date":"2022-09-13T11:56:15","date_gmt":"2022-09-13T09:56:15","guid":{"rendered":"https:\/\/neu.phono-schop.ch\/index.php\/produkt\/rene-buergler-eigni-taenz\/"},"modified":"2022-09-13T11:56:15","modified_gmt":"2022-09-13T09:56:15","slug":"rene-buergler-eigni-taenz","status":"publish","type":"product","link":"https:\/\/phono-schop.ch\/en\/produkt\/rene-buergler-eigni-taenz\/","title":{"rendered":"Ren\u00e9 B\u00fcrgler Eigni T\u00e4nz"},"content":{"rendered":"","protected":false},"excerpt":{"rendered":"","protected":false},"featured_media":3669,"template":"","meta":[],"product_brand":[],"product_cat":[204,318],"product_tag":[],"class_list":{"0":"post-3668","1":"product","2":"type-product","3":"status-publish","4":"has-post-thumbnail","6":"product_cat-handorgel-a-b-c","7":"product_cat-schwyzeroergeli-a-b-c","8":"product_shipping_class-cds","10":"first","11":"instock","12":"taxable","13":"shipping-taxable","14":"purchasable","15":"product-type-simple"},"_links":{"self":[{"href":"https:\/\/phono-schop.ch\/en\/wp-json\/wp\/v2\/product\/3668","targetHints":{"allow":["GET"]}}],"collection":[{"href":"https:\/\/phono-schop.ch\/en\/wp-json\/wp\/v2\/product"}],"about":[{"href":"https:\/\/phono-schop.ch\/en\/wp-json\/wp\/v2\/types\/product"}],"wp:featuredmedia":[{"embeddable":true,"href":"https:\/\/phono-schop.ch\/en\/wp-json\/wp\/v2\/media\/3669"}],"wp:attachment":[{"href":"https:\/\/phono-schop.ch\/en\/wp-json\/wp\/v2\/media?parent=3668"}],"wp:term":[{"taxonomy":"product_brand","embeddable":true,"href":"https:\/\/phono-schop.ch\/en\/wp-json\/wp\/v2\/product_brand?post=3668"},{"taxonomy":"product_cat","embeddable":true,"href":"https:\/\/phono-schop.ch\/en\/wp-json\/wp\/v2\/product_cat?post=3668"},{"taxonomy":"product_tag","embeddable":true,"href":"https:\/\/phono-schop.ch\/en\/wp-json\/wp\/v2\/product_tag?post=3668"}],"curies":[{"name":"wp","href":"https:\/\/api.w.org\/{rel}","templated":true}]}}