{"id":2660,"date":"2022-09-13T11:52:17","date_gmt":"2022-09-13T09:52:17","guid":{"rendered":"https:\/\/neu.phono-schop.ch\/index.php\/produkt\/mir-soend-luschtigi-lueuet\/"},"modified":"2022-09-13T11:52:18","modified_gmt":"2022-09-13T09:52:18","slug":"mir-soend-luschtigi-lueuet","status":"publish","type":"product","link":"https:\/\/phono-schop.ch\/en\/produkt\/mir-soend-luschtigi-lueuet\/","title":{"rendered":"Mir s\u00f6nd luschtigi L\u00fc\u00fct"},"content":{"rendered":"","protected":false},"excerpt":{"rendered":"","protected":false},"featured_media":2661,"template":"","meta":[],"product_brand":[],"product_cat":[117,1011],"product_tag":[],"class_list":{"0":"post-2660","1":"product","2":"type-product","3":"status-publish","4":"has-post-thumbnail","6":"product_cat-laendlerkapellen-j-k-l","7":"product_cat-aktion-de","8":"product_shipping_class-cds","10":"first","11":"instock","12":"taxable","13":"shipping-taxable","14":"purchasable","15":"product-type-simple"},"_links":{"self":[{"href":"https:\/\/phono-schop.ch\/en\/wp-json\/wp\/v2\/product\/2660","targetHints":{"allow":["GET"]}}],"collection":[{"href":"https:\/\/phono-schop.ch\/en\/wp-json\/wp\/v2\/product"}],"about":[{"href":"https:\/\/phono-schop.ch\/en\/wp-json\/wp\/v2\/types\/product"}],"wp:featuredmedia":[{"embeddable":true,"href":"https:\/\/phono-schop.ch\/en\/wp-json\/wp\/v2\/media\/2661"}],"wp:attachment":[{"href":"https:\/\/phono-schop.ch\/en\/wp-json\/wp\/v2\/media?parent=2660"}],"wp:term":[{"taxonomy":"product_brand","embeddable":true,"href":"https:\/\/phono-schop.ch\/en\/wp-json\/wp\/v2\/product_brand?post=2660"},{"taxonomy":"product_cat","embeddable":true,"href":"https:\/\/phono-schop.ch\/en\/wp-json\/wp\/v2\/product_cat?post=2660"},{"taxonomy":"product_tag","embeddable":true,"href":"https:\/\/phono-schop.ch\/en\/wp-json\/wp\/v2\/product_tag?post=2660"}],"curies":[{"name":"wp","href":"https:\/\/api.w.org\/{rel}","templated":true}]}}