{"id":24485,"date":"2024-12-12T14:13:27","date_gmt":"2024-12-12T13:13:27","guid":{"rendered":"https:\/\/phono-schop.ch\/produkt\/fuer-s-laebe-gaern-singe\/"},"modified":"2025-09-04T12:21:37","modified_gmt":"2025-09-04T10:21:37","slug":"fuer-s-laebe-gaern-singe","status":"publish","type":"product","link":"https:\/\/phono-schop.ch\/en\/produkt\/fuer-s-laebe-gaern-singe\/","title":{"rendered":"F\u00fcr s L\u00e4be g\u00e4rn singe!"},"content":{"rendered":"","protected":false},"excerpt":{"rendered":"","protected":false},"featured_media":24489,"template":"","meta":[],"product_brand":[],"product_cat":[534],"product_tag":[],"class_list":{"0":"post-24485","1":"product","2":"type-product","3":"status-publish","4":"has-post-thumbnail","6":"product_cat-jodel-von-gunten-marie-theres","7":"product_shipping_class-cds","9":"first","10":"instock","11":"taxable","12":"shipping-taxable","13":"purchasable","14":"product-type-simple"},"_links":{"self":[{"href":"https:\/\/phono-schop.ch\/en\/wp-json\/wp\/v2\/product\/24485","targetHints":{"allow":["GET"]}}],"collection":[{"href":"https:\/\/phono-schop.ch\/en\/wp-json\/wp\/v2\/product"}],"about":[{"href":"https:\/\/phono-schop.ch\/en\/wp-json\/wp\/v2\/types\/product"}],"wp:featuredmedia":[{"embeddable":true,"href":"https:\/\/phono-schop.ch\/en\/wp-json\/wp\/v2\/media\/24489"}],"wp:attachment":[{"href":"https:\/\/phono-schop.ch\/en\/wp-json\/wp\/v2\/media?parent=24485"}],"wp:term":[{"taxonomy":"product_brand","embeddable":true,"href":"https:\/\/phono-schop.ch\/en\/wp-json\/wp\/v2\/product_brand?post=24485"},{"taxonomy":"product_cat","embeddable":true,"href":"https:\/\/phono-schop.ch\/en\/wp-json\/wp\/v2\/product_cat?post=24485"},{"taxonomy":"product_tag","embeddable":true,"href":"https:\/\/phono-schop.ch\/en\/wp-json\/wp\/v2\/product_tag?post=24485"}],"curies":[{"name":"wp","href":"https:\/\/api.w.org\/{rel}","templated":true}]}}