{"id":22452,"date":"2024-07-11T08:53:29","date_gmt":"2024-07-11T06:53:29","guid":{"rendered":"https:\/\/phono-schop.ch\/produkt\/harmonikagruesse-aus-suedtirol\/"},"modified":"2024-11-04T08:59:26","modified_gmt":"2024-11-04T07:59:26","slug":"harmonikagruesse-aus-suedtirol","status":"publish","type":"product","link":"https:\/\/phono-schop.ch\/en\/produkt\/harmonikagruesse-aus-suedtirol\/","title":{"rendered":"Harmonikagr\u00fc\u00dfe aus S\u00fcdtirol"},"content":{"rendered":"","protected":false},"excerpt":{"rendered":"","protected":false},"featured_media":22731,"template":"","meta":[],"product_brand":[],"product_cat":[864],"product_tag":[],"class_list":{"0":"post-22452","1":"product","2":"type-product","3":"status-publish","4":"has-post-thumbnail","6":"product_cat-schlager-hits-alpenland-diverse-a-z","7":"product_shipping_class-cds","9":"first","10":"instock","11":"taxable","12":"shipping-taxable","13":"purchasable","14":"product-type-simple"},"_links":{"self":[{"href":"https:\/\/phono-schop.ch\/en\/wp-json\/wp\/v2\/product\/22452","targetHints":{"allow":["GET"]}}],"collection":[{"href":"https:\/\/phono-schop.ch\/en\/wp-json\/wp\/v2\/product"}],"about":[{"href":"https:\/\/phono-schop.ch\/en\/wp-json\/wp\/v2\/types\/product"}],"wp:featuredmedia":[{"embeddable":true,"href":"https:\/\/phono-schop.ch\/en\/wp-json\/wp\/v2\/media\/22731"}],"wp:attachment":[{"href":"https:\/\/phono-schop.ch\/en\/wp-json\/wp\/v2\/media?parent=22452"}],"wp:term":[{"taxonomy":"product_brand","embeddable":true,"href":"https:\/\/phono-schop.ch\/en\/wp-json\/wp\/v2\/product_brand?post=22452"},{"taxonomy":"product_cat","embeddable":true,"href":"https:\/\/phono-schop.ch\/en\/wp-json\/wp\/v2\/product_cat?post=22452"},{"taxonomy":"product_tag","embeddable":true,"href":"https:\/\/phono-schop.ch\/en\/wp-json\/wp\/v2\/product_tag?post=22452"}],"curies":[{"name":"wp","href":"https:\/\/api.w.org\/{rel}","templated":true}]}}