{"id":21061,"date":"2024-02-06T14:49:46","date_gmt":"2024-02-06T13:49:46","guid":{"rendered":"https:\/\/phono-schop.ch\/produkt\/gmueetlech-zaeme-syn\/"},"modified":"2024-02-06T14:56:47","modified_gmt":"2024-02-06T13:56:47","slug":"gmueetlech-zaeme-syn","status":"publish","type":"product","link":"https:\/\/phono-schop.ch\/en\/produkt\/gmueetlech-zaeme-syn\/","title":{"rendered":"Gm\u00fcetlech z\u00e4m\u00e4 syn"},"content":{"rendered":"","protected":false},"excerpt":{"rendered":"","protected":false},"featured_media":21079,"template":"","meta":[],"product_brand":[],"product_cat":[120],"product_tag":[],"class_list":{"0":"post-21061","1":"product","2":"type-product","3":"status-publish","4":"has-post-thumbnail","6":"product_cat-laendlerkapellen-m-n-o","7":"product_shipping_class-cds","9":"first","10":"instock","11":"taxable","12":"shipping-taxable","13":"purchasable","14":"product-type-simple"},"_links":{"self":[{"href":"https:\/\/phono-schop.ch\/en\/wp-json\/wp\/v2\/product\/21061","targetHints":{"allow":["GET"]}}],"collection":[{"href":"https:\/\/phono-schop.ch\/en\/wp-json\/wp\/v2\/product"}],"about":[{"href":"https:\/\/phono-schop.ch\/en\/wp-json\/wp\/v2\/types\/product"}],"wp:featuredmedia":[{"embeddable":true,"href":"https:\/\/phono-schop.ch\/en\/wp-json\/wp\/v2\/media\/21079"}],"wp:attachment":[{"href":"https:\/\/phono-schop.ch\/en\/wp-json\/wp\/v2\/media?parent=21061"}],"wp:term":[{"taxonomy":"product_brand","embeddable":true,"href":"https:\/\/phono-schop.ch\/en\/wp-json\/wp\/v2\/product_brand?post=21061"},{"taxonomy":"product_cat","embeddable":true,"href":"https:\/\/phono-schop.ch\/en\/wp-json\/wp\/v2\/product_cat?post=21061"},{"taxonomy":"product_tag","embeddable":true,"href":"https:\/\/phono-schop.ch\/en\/wp-json\/wp\/v2\/product_tag?post=21061"}],"curies":[{"name":"wp","href":"https:\/\/api.w.org\/{rel}","templated":true}]}}