{"id":15120,"date":"2022-09-13T12:52:19","date_gmt":"2022-09-13T10:52:19","guid":{"rendered":"https:\/\/neu.phono-schop.ch\/index.php\/produkt\/13fueuerio-zeusli-chunnt-schlossgeischt-raeuberberg\/"},"modified":"2026-01-12T13:39:14","modified_gmt":"2026-01-12T12:39:14","slug":"13fueuerio-zeusli-chunnt-schlossgeischt-raeuberberg","status":"publish","type":"product","link":"https:\/\/phono-schop.ch\/en\/produkt\/13fueuerio-zeusli-chunnt-schlossgeischt-raeuberberg\/","title":{"rendered":"13, F\u00fc\u00fcrio Zeusli chunnt. Schlossgeischt R\u00e4uberberg"},"content":{"rendered":"","protected":false},"excerpt":{"rendered":"","protected":false},"featured_media":15121,"template":"","meta":[],"product_brand":[],"product_cat":[999],"product_tag":[],"class_list":{"0":"post-15120","1":"product","2":"type-product","3":"status-publish","4":"has-post-thumbnail","6":"product_cat-kinderprogramm-de","7":"product_shipping_class-cds","9":"first","10":"instock","11":"taxable","12":"shipping-taxable","13":"purchasable","14":"product-type-simple"},"_links":{"self":[{"href":"https:\/\/phono-schop.ch\/en\/wp-json\/wp\/v2\/product\/15120","targetHints":{"allow":["GET"]}}],"collection":[{"href":"https:\/\/phono-schop.ch\/en\/wp-json\/wp\/v2\/product"}],"about":[{"href":"https:\/\/phono-schop.ch\/en\/wp-json\/wp\/v2\/types\/product"}],"wp:featuredmedia":[{"embeddable":true,"href":"https:\/\/phono-schop.ch\/en\/wp-json\/wp\/v2\/media\/15121"}],"wp:attachment":[{"href":"https:\/\/phono-schop.ch\/en\/wp-json\/wp\/v2\/media?parent=15120"}],"wp:term":[{"taxonomy":"product_brand","embeddable":true,"href":"https:\/\/phono-schop.ch\/en\/wp-json\/wp\/v2\/product_brand?post=15120"},{"taxonomy":"product_cat","embeddable":true,"href":"https:\/\/phono-schop.ch\/en\/wp-json\/wp\/v2\/product_cat?post=15120"},{"taxonomy":"product_tag","embeddable":true,"href":"https:\/\/phono-schop.ch\/en\/wp-json\/wp\/v2\/product_tag?post=15120"}],"curies":[{"name":"wp","href":"https:\/\/api.w.org\/{rel}","templated":true}]}}