{"id":12580,"date":"2022-09-13T12:38:06","date_gmt":"2022-09-13T10:38:06","guid":{"rendered":"https:\/\/neu.phono-schop.ch\/index.php\/produkt\/i-han-es-zuendhoelzli-azuendt\/"},"modified":"2025-06-20T11:54:40","modified_gmt":"2025-06-20T09:54:40","slug":"i-han-es-zuendhoelzli-azuendt","status":"publish","type":"product","link":"https:\/\/phono-schop.ch\/en\/produkt\/i-han-es-zuendhoelzli-azuendt\/","title":{"rendered":"I han es Z\u00fcndh\u00f6lzli az\u00fcndt"},"content":{"rendered":"","protected":false},"excerpt":{"rendered":"","protected":false},"featured_media":12581,"template":"","meta":[],"product_brand":[],"product_cat":[1065,852],"product_tag":[],"class_list":{"0":"post-12580","1":"product","2":"type-product","3":"status-publish","4":"has-post-thumbnail","6":"product_cat-schweizer-mundart-de","7":"product_cat-world-music-swiss-kult","8":"product_shipping_class-cds","10":"first","11":"instock","12":"taxable","13":"shipping-taxable","14":"purchasable","15":"product-type-simple"},"_links":{"self":[{"href":"https:\/\/phono-schop.ch\/en\/wp-json\/wp\/v2\/product\/12580","targetHints":{"allow":["GET"]}}],"collection":[{"href":"https:\/\/phono-schop.ch\/en\/wp-json\/wp\/v2\/product"}],"about":[{"href":"https:\/\/phono-schop.ch\/en\/wp-json\/wp\/v2\/types\/product"}],"wp:featuredmedia":[{"embeddable":true,"href":"https:\/\/phono-schop.ch\/en\/wp-json\/wp\/v2\/media\/12581"}],"wp:attachment":[{"href":"https:\/\/phono-schop.ch\/en\/wp-json\/wp\/v2\/media?parent=12580"}],"wp:term":[{"taxonomy":"product_brand","embeddable":true,"href":"https:\/\/phono-schop.ch\/en\/wp-json\/wp\/v2\/product_brand?post=12580"},{"taxonomy":"product_cat","embeddable":true,"href":"https:\/\/phono-schop.ch\/en\/wp-json\/wp\/v2\/product_cat?post=12580"},{"taxonomy":"product_tag","embeddable":true,"href":"https:\/\/phono-schop.ch\/en\/wp-json\/wp\/v2\/product_tag?post=12580"}],"curies":[{"name":"wp","href":"https:\/\/api.w.org\/{rel}","templated":true}]}}