{"id":10576,"date":"2022-09-13T12:27:33","date_gmt":"2022-09-13T10:27:33","guid":{"rendered":"https:\/\/neu.phono-schop.ch\/index.php\/produkt\/roessli-7-aelpler-liedli-jueuezl\/"},"modified":"2022-09-13T12:27:34","modified_gmt":"2022-09-13T10:27:34","slug":"roessli-7-aelpler-liedli-jueuezl","status":"publish","type":"product","link":"https:\/\/phono-schop.ch\/en\/produkt\/roessli-7-aelpler-liedli-jueuezl\/","title":{"rendered":"R\u00f6ssli 7 \u00c4lpler-Liedli &#038; J\u00fc\u00fczl"},"content":{"rendered":"","protected":false},"excerpt":{"rendered":"","protected":false},"featured_media":10577,"template":"","meta":[],"product_brand":[],"product_cat":[735,1047],"product_tag":[],"class_list":{"0":"post-10576","1":"product","2":"type-product","3":"status-publish","4":"has-post-thumbnail","6":"product_cat-gemischte-produktionen-bunt-gemischt-a-z","7":"product_cat-csr-records-schwing","8":"product_shipping_class-cds","10":"first","11":"instock","12":"taxable","13":"shipping-taxable","14":"purchasable","15":"product-type-simple"},"_links":{"self":[{"href":"https:\/\/phono-schop.ch\/en\/wp-json\/wp\/v2\/product\/10576","targetHints":{"allow":["GET"]}}],"collection":[{"href":"https:\/\/phono-schop.ch\/en\/wp-json\/wp\/v2\/product"}],"about":[{"href":"https:\/\/phono-schop.ch\/en\/wp-json\/wp\/v2\/types\/product"}],"wp:featuredmedia":[{"embeddable":true,"href":"https:\/\/phono-schop.ch\/en\/wp-json\/wp\/v2\/media\/10577"}],"wp:attachment":[{"href":"https:\/\/phono-schop.ch\/en\/wp-json\/wp\/v2\/media?parent=10576"}],"wp:term":[{"taxonomy":"product_brand","embeddable":true,"href":"https:\/\/phono-schop.ch\/en\/wp-json\/wp\/v2\/product_brand?post=10576"},{"taxonomy":"product_cat","embeddable":true,"href":"https:\/\/phono-schop.ch\/en\/wp-json\/wp\/v2\/product_cat?post=10576"},{"taxonomy":"product_tag","embeddable":true,"href":"https:\/\/phono-schop.ch\/en\/wp-json\/wp\/v2\/product_tag?post=10576"}],"curies":[{"name":"wp","href":"https:\/\/api.w.org\/{rel}","templated":true}]}}