{"id":10572,"date":"2022-09-13T12:27:32","date_gmt":"2022-09-13T10:27:32","guid":{"rendered":"https:\/\/neu.phono-schop.ch\/index.php\/produkt\/rio-6-aelpler-liedli-jueuezli\/"},"modified":"2023-04-28T09:21:00","modified_gmt":"2023-04-28T07:21:00","slug":"rio-6-aelpler-liedli-jueuezli","status":"publish","type":"product","link":"https:\/\/phono-schop.ch\/en\/produkt\/rio-6-aelpler-liedli-jueuezli\/","title":{"rendered":"Rio 6 \u00c4lpler-Liedli &#038; J\u00fc\u00fczli"},"content":{"rendered":"","protected":false},"excerpt":{"rendered":"","protected":false},"featured_media":10573,"template":"","meta":[],"product_brand":[],"product_cat":[735,1041,1047],"product_tag":[],"class_list":{"0":"post-10572","1":"product","2":"type-product","3":"status-publish","4":"has-post-thumbnail","6":"product_cat-gemischte-produktionen-bunt-gemischt-a-z","7":"product_cat-csr-records-best-of-csr","8":"product_cat-csr-records-schwing","9":"product_shipping_class-cds","11":"first","12":"instock","13":"taxable","14":"shipping-taxable","15":"purchasable","16":"product-type-simple"},"_links":{"self":[{"href":"https:\/\/phono-schop.ch\/en\/wp-json\/wp\/v2\/product\/10572","targetHints":{"allow":["GET"]}}],"collection":[{"href":"https:\/\/phono-schop.ch\/en\/wp-json\/wp\/v2\/product"}],"about":[{"href":"https:\/\/phono-schop.ch\/en\/wp-json\/wp\/v2\/types\/product"}],"wp:featuredmedia":[{"embeddable":true,"href":"https:\/\/phono-schop.ch\/en\/wp-json\/wp\/v2\/media\/10573"}],"wp:attachment":[{"href":"https:\/\/phono-schop.ch\/en\/wp-json\/wp\/v2\/media?parent=10572"}],"wp:term":[{"taxonomy":"product_brand","embeddable":true,"href":"https:\/\/phono-schop.ch\/en\/wp-json\/wp\/v2\/product_brand?post=10572"},{"taxonomy":"product_cat","embeddable":true,"href":"https:\/\/phono-schop.ch\/en\/wp-json\/wp\/v2\/product_cat?post=10572"},{"taxonomy":"product_tag","embeddable":true,"href":"https:\/\/phono-schop.ch\/en\/wp-json\/wp\/v2\/product_tag?post=10572"}],"curies":[{"name":"wp","href":"https:\/\/api.w.org\/{rel}","templated":true}]}}