{"id":10284,"date":"2022-09-13T12:26:10","date_gmt":"2022-09-13T10:26:10","guid":{"rendered":"https:\/\/neu.phono-schop.ch\/index.php\/produkt\/staerne-juerg-roethlisberger\/"},"modified":"2022-09-13T12:26:11","modified_gmt":"2022-09-13T10:26:11","slug":"staerne-juerg-roethlisberger","status":"publish","type":"product","link":"https:\/\/phono-schop.ch\/en\/produkt\/staerne-juerg-roethlisberger\/","title":{"rendered":"St\u00e4rne J\u00fcrg R\u00f6thlisberger"},"content":{"rendered":"","protected":false},"excerpt":{"rendered":"","protected":false},"featured_media":10285,"template":"","meta":[],"product_brand":[],"product_cat":[732],"product_tag":[],"class_list":{"0":"post-10284","1":"product","2":"type-product","3":"status-publish","4":"has-post-thumbnail","6":"product_cat-gemischte-produktionen-jodellieder-a-z","7":"product_shipping_class-cds","9":"first","10":"instock","11":"taxable","12":"shipping-taxable","13":"purchasable","14":"product-type-simple"},"_links":{"self":[{"href":"https:\/\/phono-schop.ch\/en\/wp-json\/wp\/v2\/product\/10284","targetHints":{"allow":["GET"]}}],"collection":[{"href":"https:\/\/phono-schop.ch\/en\/wp-json\/wp\/v2\/product"}],"about":[{"href":"https:\/\/phono-schop.ch\/en\/wp-json\/wp\/v2\/types\/product"}],"wp:featuredmedia":[{"embeddable":true,"href":"https:\/\/phono-schop.ch\/en\/wp-json\/wp\/v2\/media\/10285"}],"wp:attachment":[{"href":"https:\/\/phono-schop.ch\/en\/wp-json\/wp\/v2\/media?parent=10284"}],"wp:term":[{"taxonomy":"product_brand","embeddable":true,"href":"https:\/\/phono-schop.ch\/en\/wp-json\/wp\/v2\/product_brand?post=10284"},{"taxonomy":"product_cat","embeddable":true,"href":"https:\/\/phono-schop.ch\/en\/wp-json\/wp\/v2\/product_cat?post=10284"},{"taxonomy":"product_tag","embeddable":true,"href":"https:\/\/phono-schop.ch\/en\/wp-json\/wp\/v2\/product_tag?post=10284"}],"curies":[{"name":"wp","href":"https:\/\/api.w.org\/{rel}","templated":true}]}}